{"id":2314,"date":"2023-08-11T14:10:11","date_gmt":"2023-08-11T21:10:11","guid":{"rendered":"https:\/\/hansenharmon.com\/?page_id=2314"},"modified":"2026-01-19T08:16:05","modified_gmt":"2026-01-19T16:16:05","slug":"mordeduras-de-perro","status":"publish","type":"page","link":"https:\/\/hansenharmon.com\/es\/personal-injury\/dog-bites\/","title":{"rendered":"Abogado de mordeduras de perro y ataques de animales"},"content":{"rendered":"\t\t<div data-elementor-type=\"wp-page\" data-elementor-id=\"2314\" class=\"elementor elementor-2314\" data-elementor-post-type=\"page\">\n\t\t\t\t\t\t<section class=\"elementor-section elementor-top-section elementor-element elementor-element-deb41fb elementor-section-boxed elementor-section-height-default elementor-section-height-default\" data-id=\"deb41fb\" data-element_type=\"section\" data-e-type=\"section\">\n\t\t\t\t\t\t<div class=\"elementor-container elementor-column-gap-default\">\n\t\t\t\t\t<div class=\"elementor-column elementor-col-100 elementor-top-column elementor-element elementor-element-7bb94d7\" data-id=\"7bb94d7\" data-element_type=\"column\" data-e-type=\"column\">\n\t\t\t<div class=\"elementor-widget-wrap elementor-element-populated\">\n\t\t\t\t\t\t<div class=\"elementor-element elementor-element-af76f93 elementor-widget elementor-widget-image\" data-id=\"af76f93\" data-element_type=\"widget\" data-e-type=\"widget\" data-widget_type=\"image.default\">\n\t\t\t\t\t\t\t\t\t\t\t\t\t\t\t<img fetchpriority=\"high\" decoding=\"async\" width=\"700\" height=\"1050\" src=\"https:\/\/hansenharmon.com\/wp-content\/uploads\/2023\/08\/Agressive-dog-3.webp\" class=\"attachment-medium_large size-medium_large wp-image-2322\" alt=\"Aggressive dogs and animals can cause injury\" srcset=\"https:\/\/hansenharmon.com\/wp-content\/uploads\/2023\/08\/Agressive-dog-3.webp 700w, https:\/\/hansenharmon.com\/wp-content\/uploads\/2023\/08\/Agressive-dog-3-200x300.webp 200w, https:\/\/hansenharmon.com\/wp-content\/uploads\/2023\/08\/Agressive-dog-3-683x1024.webp 683w\" sizes=\"(max-width: 700px) 100vw, 700px\" \/>\t\t\t\t\t\t\t\t\t\t\t\t\t\t\t<\/div>\n\t\t\t\t\t<\/div>\n\t\t<\/div>\n\t\t\t\t\t<\/div>\n\t\t<\/section>\n\t\t\t\t<section class=\"elementor-section elementor-top-section elementor-element elementor-element-086d3a8 elementor-section-boxed elementor-section-height-default elementor-section-height-default\" data-id=\"086d3a8\" data-element_type=\"section\" data-e-type=\"section\">\n\t\t\t\t\t\t<div class=\"elementor-container elementor-column-gap-default\">\n\t\t\t\t\t<div class=\"elementor-column elementor-col-100 elementor-top-column elementor-element elementor-element-7e69dc1\" data-id=\"7e69dc1\" data-element_type=\"column\" data-e-type=\"column\">\n\t\t\t<div class=\"elementor-widget-wrap elementor-element-populated\">\n\t\t\t\t\t\t<div class=\"elementor-element elementor-element-17635d5 elementor-toc--minimized-on-desktop elementor-widget elementor-widget-table-of-contents\" data-id=\"17635d5\" data-element_type=\"widget\" data-e-type=\"widget\" data-settings=\"{&quot;exclude_headings_by_selector&quot;:[],&quot;minimized_on&quot;:&quot;desktop&quot;,&quot;no_headings_message&quot;:&quot;No headings were found on this page.&quot;,&quot;headings_by_tags&quot;:[&quot;h2&quot;,&quot;h3&quot;,&quot;h4&quot;,&quot;h5&quot;,&quot;h6&quot;],&quot;marker_view&quot;:&quot;numbers&quot;,&quot;minimize_box&quot;:&quot;yes&quot;,&quot;hierarchical_view&quot;:&quot;yes&quot;,&quot;min_height&quot;:{&quot;unit&quot;:&quot;px&quot;,&quot;size&quot;:&quot;&quot;,&quot;sizes&quot;:[]},&quot;min_height_tablet&quot;:{&quot;unit&quot;:&quot;px&quot;,&quot;size&quot;:&quot;&quot;,&quot;sizes&quot;:[]},&quot;min_height_mobile&quot;:{&quot;unit&quot;:&quot;px&quot;,&quot;size&quot;:&quot;&quot;,&quot;sizes&quot;:[]}}\" data-widget_type=\"table-of-contents.default\">\n\t\t\t\t\t\t\t\t\t<div class=\"elementor-toc__header\">\n\t\t\t\t\t\t<h4 class=\"elementor-toc__header-title\">\n\t\t\t\tTable of Contents\t\t\t<\/h4>\n\t\t\t\t\t\t\t\t\t\t<div class=\"elementor-toc__toggle-button elementor-toc__toggle-button--expand\" role=\"button\" tabindex=\"0\" aria-controls=\"elementor-toc__17635d5\" aria-expanded=\"true\" aria-label=\"Open table of contents\"><svg aria-hidden=\"true\" class=\"e-font-icon-svg e-fas-chevron-down\" viewBox=\"0 0 448 512\" xmlns=\"http:\/\/www.w3.org\/2000\/svg\"><path d=\"M207.029 381.476L12.686 187.132c-9.373-9.373-9.373-24.569 0-33.941l22.667-22.667c9.357-9.357 24.522-9.375 33.901-.04L224 284.505l154.745-154.021c9.379-9.335 24.544-9.317 33.901.04l22.667 22.667c9.373 9.373 9.373 24.569 0 33.941L240.971 381.476c-9.373 9.372-24.569 9.372-33.942 0z\"><\/path><\/svg><\/div>\n\t\t\t\t<div class=\"elementor-toc__toggle-button elementor-toc__toggle-button--collapse\" role=\"button\" tabindex=\"0\" aria-controls=\"elementor-toc__17635d5\" aria-expanded=\"true\" aria-label=\"Close table of contents\"><svg aria-hidden=\"true\" class=\"e-font-icon-svg e-fas-chevron-up\" viewBox=\"0 0 448 512\" xmlns=\"http:\/\/www.w3.org\/2000\/svg\"><path d=\"M240.971 130.524l194.343 194.343c9.373 9.373 9.373 24.569 0 33.941l-22.667 22.667c-9.357 9.357-24.522 9.375-33.901.04L224 227.495 69.255 381.516c-9.379 9.335-24.544 9.317-33.901-.04l-22.667-22.667c-9.373-9.373-9.373-24.569 0-33.941L207.03 130.525c9.372-9.373 24.568-9.373 33.941-.001z\"><\/path><\/svg><\/div>\n\t\t\t\t\t<\/div>\n\t\t\t\t<div id=\"elementor-toc__17635d5\" class=\"elementor-toc__body\">\n\t\t\t<div class=\"elementor-toc__spinner-container\">\n\t\t\t\t<svg class=\"elementor-toc__spinner eicon-animation-spin e-font-icon-svg e-eicon-loading\" aria-hidden=\"true\" viewBox=\"0 0 1000 1000\" xmlns=\"http:\/\/www.w3.org\/2000\/svg\"><path d=\"M500 975V858C696 858 858 696 858 500S696 142 500 142 142 304 142 500H25C25 237 238 25 500 25S975 237 975 500 763 975 500 975Z\"><\/path><\/svg>\t\t\t<\/div>\n\t\t<\/div>\n\t\t\t\t\t\t<\/div>\n\t\t\t\t<div class=\"elementor-element elementor-element-f40ac3e elementor-widget elementor-widget-text-editor\" data-id=\"f40ac3e\" data-element_type=\"widget\" data-e-type=\"widget\" data-widget_type=\"text-editor.default\">\n\t\t\t\t\t\t\t\t\t<h2 style=\"text-align: center;\"><b>Las Vegas Dog Bite and Animal Attack Attorney<\/b><\/h2><p><span style=\"font-weight: 400;\">Dog bites and animal attacks can be terrifying experiences, leading to physical injuries, emotional trauma, and substantial medical bills. In bustling cities like Las Vegas, Henderson, and Paradise, and even in quieter townships in Southern Nevada, the chance of an unfortunate encounter with an uncontrolled animal can be higher.<\/span><\/p><p><span style=\"font-weight: 400;\">At <a href=\"\/\"><b>Hansen &amp; Harmon Injury Law<\/b><\/a><\/span><span style=\"font-weight: 400;\">\u00a0we understand the seriousness of animal attacks. Our highly skilled legal team,<\/span><a href=\"https:\/\/hansenharmon.com\/about-us\/meet-our-legal-team\/kevin-r-hansen\/\"> <span style=\"font-weight: 400;\">Kevin R. Hansen<\/span><\/a><span style=\"font-weight: 400;\"> and<\/span><a href=\"https:\/\/hansenharmon.com\/about-us\/meet-our-legal-team\/amanda-a-harmon\/\"> <span style=\"font-weight: 400;\">Amanda A. Harmon<\/span><\/a><span style=\"font-weight: 400;\">, has extensive experience in handling<\/span> <strong>dog bite and animal attack cases<\/strong><span style=\"font-weight: 400;\"> in Las Vegas, North Las Vegas, Summerlin, and nearby regions.<\/span><\/p><h4><span style=\"font-weight: 400;\">Your Rights as a Victim<\/span><\/h4><p><span style=\"font-weight: 400;\">Nevada law protects victims of animal attacks, and you have the right to seek compensation for your injuries. Our practice extends to various<\/span><a href=\"https:\/\/hansenharmon.com\/personal-injury\/\"> <span style=\"font-weight: 400;\">personal injury areas<\/span><\/a><span style=\"font-weight: 400;\">, including<\/span><a href=\"https:\/\/hansenharmon.com\/personal-injury\/slip-and-fall-cases\/\"> <span style=\"font-weight: 400;\">slip and fall cases<\/span><\/a><span style=\"font-weight: 400;\">,<\/span><a href=\"https:\/\/hansenharmon.com\/personal-injury\/auto-accidents\/\"> <span style=\"font-weight: 400;\">auto accidents<\/span><\/a><span style=\"font-weight: 400;\">, and more.<\/span><\/p><h4>Why Choose Hansen &amp; Harmon Injury Law?<\/h4><ul><li style=\"font-weight: 400;\" aria-level=\"1\"><span style=\"font-weight: 400;\">Expertise &amp; Experience: Our lead trial attorney, Kevin, has more than 30 years of experience in handling personal injury cases, including those involving dog bites and animal attacks.<\/span><\/li><li style=\"font-weight: 400;\" aria-level=\"1\"><span style=\"font-weight: 400;\">Compassionate Legal Support: Amanda Harmon is well-known for her aggressive yet compassionate approach in representing her clients. Learn more about her and our staff on the<\/span><a href=\"https:\/\/hansenharmon.com\/about-us\/meet-our-legal-team\/staff\/\"> <span style=\"font-weight: 400;\">Meet Our Legal Team<\/span><\/a><span style=\"font-weight: 400;\"> page.<\/span><\/li><li style=\"font-weight: 400;\" aria-level=\"1\"><span style=\"font-weight: 400;\">Local Focus: We proudly serve the Southern Nevada area, including Las Vegas, Henderson, Boulder City, and more. Whether you were injured at a<\/span><a href=\"https:\/\/hansenharmon.com\/personal-injury\/las-vegas-hotel-injury-lawyer\/\"> <span style=\"font-weight: 400;\">hotel<\/span><\/a><span style=\"font-weight: 400;\"> or involved in a<\/span><a href=\"https:\/\/hansenharmon.com\/personal-injury\/bicycle-accident\/\"> <span style=\"font-weight: 400;\">bicycle accident<\/span><\/a><span style=\"font-weight: 400;\">, we are here to help.<\/span><\/li><li style=\"font-weight: 400;\" aria-level=\"1\"><span style=\"font-weight: 400;\">Success Stories: We\u2019ve helped numerous clients achieve success in their claims. You can read about our<\/span><a href=\"https:\/\/hansenharmon.com\/case-results\/\"> <span style=\"font-weight: 400;\">case results<\/span><\/a><span style=\"font-weight: 400;\"> or leave your own<\/span><a href=\"https:\/\/hansenharmon.com\/testimonials\/\"> <span style=\"font-weight: 400;\">testimonial<\/span><\/a><span style=\"font-weight: 400;\">.<\/span><\/li><\/ul><h4><span style=\"font-weight: 400;\">Get in Touch Today<\/span><\/h4><p><span style=\"font-weight: 400;\">If you or a loved one has been injured in a dog bite or animal attack in Las Vegas or surrounding areas, don\u2019t hesitate to contact us. Time is of the essence, as Nevada has strict statutes of limitations for personal injury cases.<\/span><\/p><p><span style=\"font-weight: 400;\">Visit our<\/span><a href=\"#consultation\"> <span style=\"font-weight: 400;\">contact page<\/span><\/a><span style=\"font-weight: 400;\"> to get in touch or explore our<\/span><a href=\"https:\/\/hansenharmon.com\/practice-areas\/\"> <span style=\"font-weight: 400;\">personal injury practice areas<\/span><\/a><span style=\"font-weight: 400;\"> to learn more about how we can assist you. Remember, we offer free consultations, and you won\u2019t pay a fee unless we win your case. Our dedicated legal team at <strong>Hansen &amp; Harmon Injury Law<\/strong> is ready to help you claim what&#8217;s rightfully yours.<\/span><\/p><p><a href=\"#consultation\"><span style=\"font-weight: 400;\">Contact us<\/span><\/a><span style=\"font-weight: 400;\"> today for a free consultation.<\/span><\/p>\t\t\t\t\t\t\t\t<\/div>\n\t\t\t\t\t<\/div>\n\t\t<\/div>\n\t\t\t\t\t<\/div>\n\t\t<\/section>\n\t\t\t\t<\/div>\n\t\t","protected":false},"excerpt":{"rendered":"<p>Table of Contents Las Vegas Dog Bite and Animal Attack Attorney Dog bites and animal attacks can be terrifying experiences, leading to physical injuries, emotional trauma, and substantial medical bills. In bustling cities like Las Vegas, Henderson, and Paradise, and even in quieter townships in Southern Nevada, the chance of an unfortunate encounter with an [&hellip;]<\/p>\n","protected":false},"author":1,"featured_media":2320,"parent":304,"menu_order":0,"comment_status":"closed","ping_status":"closed","template":"","meta":{"_glsr_average":0,"_glsr_ranking":0,"_glsr_reviews":0,"footnotes":""},"class_list":["post-2314","page","type-page","status-publish","has-post-thumbnail","hentry"],"yoast_head":"<!-- This site is optimized with the Yoast SEO Premium plugin v27.4 (Yoast SEO v27.4) - https:\/\/yoast.com\/product\/yoast-seo-premium-wordpress\/ -->\n<title>Dog Bite and Animal Attack Attorneys in Nevada - Hansen &amp; Harmon Injury Law<\/title>\n<meta name=\"description\" content=\"Victim of an animal attack? Our aggressive attorneys can help you. Contact us today! - Free Legal Advice on your Dog Bite - 702-478-7777\" \/>\n<meta name=\"robots\" content=\"index, follow, max-snippet:-1, max-image-preview:large, max-video-preview:-1\" \/>\n<link rel=\"canonical\" href=\"https:\/\/hansenharmon.com\/es\/danos-personales\/mordeduras-de-perro\/\" \/>\n<meta property=\"og:locale\" content=\"es_MX\" \/>\n<meta property=\"og:type\" content=\"article\" \/>\n<meta property=\"og:title\" content=\"Dog Bite and Animal Attack Attorney\" \/>\n<meta property=\"og:description\" content=\"Victim of an animal attack? Our aggressive attorneys can help you. Contact us today! - Free Legal Advice on your Dog Bite - 702-478-7777\" \/>\n<meta property=\"og:url\" content=\"https:\/\/hansenharmon.com\/es\/danos-personales\/mordeduras-de-perro\/\" \/>\n<meta property=\"og:site_name\" content=\"Hansen &amp; Harmon Injury Law\" \/>\n<meta property=\"article:publisher\" content=\"https:\/\/www.facebook.com\/kevinrhansenlawlasvegas\/\" \/>\n<meta property=\"article:modified_time\" content=\"2026-01-19T16:16:05+00:00\" \/>\n<meta property=\"og:image\" content=\"https:\/\/hansenharmon.com\/wp-content\/uploads\/2023\/08\/agressive-dog-4.webp\" \/>\n\t<meta property=\"og:image:width\" content=\"300\" \/>\n\t<meta property=\"og:image:height\" content=\"450\" \/>\n\t<meta property=\"og:image:type\" content=\"image\/webp\" \/>\n<meta name=\"twitter:card\" content=\"summary_large_image\" \/>\n<meta name=\"twitter:site\" content=\"@kevinrhansenlaw\" \/>\n<meta name=\"twitter:label1\" content=\"Tiempo de lectura\" \/>\n\t<meta name=\"twitter:data1\" content=\"2 minutos\" \/>\n<meta name=\"geo.placename\" content=\"Las Vegas\" \/>\n<meta name=\"geo.position\" content=\"36.14203902558338;-115.24347263841622\" \/>\n<meta name=\"geo.region\" content=\"Estados Unidos (EEUU)\" \/>\n<!-- \/ Yoast SEO Premium plugin. -->","yoast_head_json":{"title":"Dog Bite and Animal Attack Attorneys in Nevada - Hansen &amp; Harmon Injury Law","description":"\u00bfV\u00edctima del ataque de un animal? Nuestros agresivos abogados pueden ayudarle. \u00a1Contacte con nosotros hoy mismo! - Asesoramiento legal gratuito sobre su mordedura de perro - 702-478-7777","robots":{"index":"index","follow":"follow","max-snippet":"max-snippet:-1","max-image-preview":"max-image-preview:large","max-video-preview":"max-video-preview:-1"},"canonical":"https:\/\/hansenharmon.com\/es\/danos-personales\/mordeduras-de-perro\/","og_locale":"es_MX","og_type":"article","og_title":"Dog Bite and Animal Attack Attorney","og_description":"Victim of an animal attack? Our aggressive attorneys can help you. Contact us today! - Free Legal Advice on your Dog Bite - 702-478-7777","og_url":"https:\/\/hansenharmon.com\/es\/danos-personales\/mordeduras-de-perro\/","og_site_name":"Hansen &amp; Harmon Injury Law","article_publisher":"https:\/\/www.facebook.com\/kevinrhansenlawlasvegas\/","article_modified_time":"2026-01-19T16:16:05+00:00","og_image":[{"width":300,"height":450,"url":"https:\/\/hansenharmon.com\/wp-content\/uploads\/2023\/08\/agressive-dog-4.webp","type":"image\/webp"}],"twitter_card":"summary_large_image","twitter_site":"@kevinrhansenlaw","twitter_misc":{"Tiempo de lectura":"2 minutos"},"schema":{"@context":"https:\/\/schema.org","@graph":[{"@type":"WebPage","@id":"https:\/\/hansenharmon.com\/personal-injury\/dog-bites\/","url":"https:\/\/hansenharmon.com\/personal-injury\/dog-bites\/","name":"Dog Bite and Animal Attack Attorneys in Nevada - Hansen &amp; Harmon Injury Law","isPartOf":{"@id":"https:\/\/hansenharmon.com\/#website"},"primaryImageOfPage":{"@id":"https:\/\/hansenharmon.com\/personal-injury\/dog-bites\/#primaryimage"},"image":{"@id":"https:\/\/hansenharmon.com\/personal-injury\/dog-bites\/#primaryimage"},"thumbnailUrl":"https:\/\/hansenharmon.com\/wp-content\/uploads\/2023\/08\/agressive-dog-4.webp","datePublished":"2023-08-11T21:10:11+00:00","dateModified":"2026-01-19T16:16:05+00:00","description":"\u00bfV\u00edctima del ataque de un animal? Nuestros agresivos abogados pueden ayudarle. \u00a1Contacte con nosotros hoy mismo! - Asesoramiento legal gratuito sobre su mordedura de perro - 702-478-7777","breadcrumb":{"@id":"https:\/\/hansenharmon.com\/personal-injury\/dog-bites\/#breadcrumb"},"inLanguage":"es","potentialAction":[{"@type":"ReadAction","target":["https:\/\/hansenharmon.com\/personal-injury\/dog-bites\/"]}]},{"@type":"ImageObject","inLanguage":"es","@id":"https:\/\/hansenharmon.com\/personal-injury\/dog-bites\/#primaryimage","url":"https:\/\/hansenharmon.com\/wp-content\/uploads\/2023\/08\/agressive-dog-4.webp","contentUrl":"https:\/\/hansenharmon.com\/wp-content\/uploads\/2023\/08\/agressive-dog-4.webp","width":300,"height":450},{"@type":"BreadcrumbList","@id":"https:\/\/hansenharmon.com\/personal-injury\/dog-bites\/#breadcrumb","itemListElement":[{"@type":"ListItem","position":1,"name":"Home","item":"https:\/\/hansenharmon.com\/"},{"@type":"ListItem","position":2,"name":"Personal Injury Attorneys in Las Vegas, Nevada","item":"https:\/\/hansenharmon.com\/personal-injury\/"},{"@type":"ListItem","position":3,"name":"Dog Bite and Animal Attack Attorney"}]},{"@type":"WebSite","@id":"https:\/\/hansenharmon.com\/#website","url":"https:\/\/hansenharmon.com\/","name":"Bufete de abogados Hansen &amp; Harmon","description":"Abogados especializados en lesiones personales en Las Vegas: abogados litigantes con amplia experiencia que prestan servicios en Nevada.","publisher":{"@id":"https:\/\/hansenharmon.com\/#organization"},"alternateName":"Hansen & Harmon Injury Law","potentialAction":[{"@type":"SearchAction","target":{"@type":"EntryPoint","urlTemplate":"https:\/\/hansenharmon.com\/?s={search_term_string}"},"query-input":{"@type":"PropertyValueSpecification","valueRequired":true,"valueName":"search_term_string"}}],"inLanguage":"es"},{"@type":["Organization","Place"],"@id":"https:\/\/hansenharmon.com\/#organization","name":"Bufete de abogados Hansen &amp; Harmon","alternateName":"Hansen & Harmon Injury Law","url":"https:\/\/hansenharmon.com\/","logo":{"@id":"https:\/\/hansenharmon.com\/personal-injury\/dog-bites\/#local-main-organization-logo"},"image":{"@id":"https:\/\/hansenharmon.com\/personal-injury\/dog-bites\/#local-main-organization-logo"},"sameAs":["https:\/\/www.facebook.com\/kevinrhansenlawlasvegas\/","https:\/\/x.com\/kevinrhansenlaw"],"description":"Fundado en 1998, el bufete de abogados Hansen &amp; Harmon, anteriormente conocido como The Law Office of Kevin R. Hansen, es un bufete de abogados de confianza especializado en lesiones personales en Las Vegas que lleva m\u00e1s de 30 a\u00f1os prestando sus servicios a clientes de todo el condado de Clark y el sur de Nevada. El abogado litigante principal Kevin R. Hansen y la abogada especializada en lesiones personales Amanda A. Harmon ofrecen una representaci\u00f3n agresiva y orientada a los resultados a las v\u00edctimas de accidentes automovil\u00edsticos, accidentes de motocicleta, lesiones en hoteles y casinos, responsabilidad civil por las instalaciones y muerte por negligencia. Con tres d\u00e9cadas de experiencia en los tribunales y en negociaciones, nuestro bufete se dedica a garantizar la m\u00e1xima indemnizaci\u00f3n que nuestros clientes merecen. El bufete Hansen &amp; Harmon ofrece consultas gratuitas y una garant\u00eda de \u00absi no gana, no paga\u00bb, lo que asegura que cada cliente trabaje directamente con un abogado de principio a fin.","legalName":"Hansen & Harmon Law Firm","foundingDate":"1998-07-01","address":{"@id":"https:\/\/hansenharmon.com\/personal-injury\/dog-bites\/#local-main-place-address"},"geo":{"@type":"GeoCoordinates","latitude":"36.14203902558338","longitude":"-115.24347263841622"},"telephone":["7024787777"],"contactPoint":{"@type":"ContactPoint","telephone":"7024787777","email":"Injured@hansenharmon.com"},"openingHoursSpecification":[{"@type":"OpeningHoursSpecification","dayOfWeek":["Monday","Tuesday","Wednesday","Thursday","Friday"],"opens":"08:00","closes":"17:00"},{"@type":"OpeningHoursSpecification","dayOfWeek":["Saturday","Sunday"],"opens":"00:00","closes":"00:00"}],"email":"Injured@hansenharmon.com","faxNumber":"Lawyer & Legal Services, Lawyers,","areaServed":"Las Vegas, NV, Henderson, NV, North Las Vegas, NV, Paradise, NV, Spring Valley, NV, Sunrise Manor, NV, Enterprise, NV, Whitney, NV, Summerlin, NV, Southern Nevada, Clark County, NV"},{"@type":"PostalAddress","@id":"https:\/\/hansenharmon.com\/personal-injury\/dog-bites\/#local-main-place-address","streetAddress":"2625 S Rainbow Blvd C 106","addressLocality":"Las Vegas","postalCode":"89146","addressRegion":"Nevada","addressCountry":"US"},{"@type":"ImageObject","inLanguage":"es","@id":"https:\/\/hansenharmon.com\/personal-injury\/dog-bites\/#local-main-organization-logo","url":"https:\/\/hansenharmon.com\/wp-content\/uploads\/2025\/10\/HH_Hero_Logo_Black.jpg","contentUrl":"https:\/\/hansenharmon.com\/wp-content\/uploads\/2025\/10\/HH_Hero_Logo_Black.jpg","width":1080,"height":501,"caption":"Hansen & Harmon Law Firm"}]},"geo.placename":"Las Vegas","geo.position":{"lat":"36.14203902558338","long":"-115.24347263841622"},"geo.region":"Estados Unidos (EEUU)"},"_links":{"self":[{"href":"https:\/\/hansenharmon.com\/es\/wp-json\/wp\/v2\/pages\/2314","targetHints":{"allow":["GET"]}}],"collection":[{"href":"https:\/\/hansenharmon.com\/es\/wp-json\/wp\/v2\/pages"}],"about":[{"href":"https:\/\/hansenharmon.com\/es\/wp-json\/wp\/v2\/types\/page"}],"author":[{"embeddable":true,"href":"https:\/\/hansenharmon.com\/es\/wp-json\/wp\/v2\/users\/1"}],"replies":[{"embeddable":true,"href":"https:\/\/hansenharmon.com\/es\/wp-json\/wp\/v2\/comments?post=2314"}],"version-history":[{"count":7,"href":"https:\/\/hansenharmon.com\/es\/wp-json\/wp\/v2\/pages\/2314\/revisions"}],"predecessor-version":[{"id":30441,"href":"https:\/\/hansenharmon.com\/es\/wp-json\/wp\/v2\/pages\/2314\/revisions\/30441"}],"up":[{"embeddable":true,"href":"https:\/\/hansenharmon.com\/es\/wp-json\/wp\/v2\/pages\/304"}],"wp:featuredmedia":[{"embeddable":true,"href":"https:\/\/hansenharmon.com\/es\/wp-json\/wp\/v2\/media\/2320"}],"wp:attachment":[{"href":"https:\/\/hansenharmon.com\/es\/wp-json\/wp\/v2\/media?parent=2314"}],"curies":[{"name":"wp","href":"https:\/\/api.w.org\/{rel}","templated":true}]}}