{"id":2349,"date":"2023-08-14T11:24:51","date_gmt":"2023-08-14T18:24:51","guid":{"rendered":"https:\/\/hansenharmon.com\/?page_id=2349"},"modified":"2026-01-23T10:04:20","modified_gmt":"2026-01-23T18:04:20","slug":"abogado-de-accidentes-de-barco","status":"publish","type":"page","link":"https:\/\/hansenharmon.com\/es\/personal-injury\/boat-accident-lawyer\/","title":{"rendered":"Abogado de accidentes de barco"},"content":{"rendered":"\t\t<div data-elementor-type=\"wp-page\" data-elementor-id=\"2349\" class=\"elementor elementor-2349\" data-elementor-post-type=\"page\">\n\t\t\t\t\t\t<section class=\"elementor-section elementor-top-section elementor-element elementor-element-c8a38ad elementor-section-boxed elementor-section-height-default elementor-section-height-default\" data-id=\"c8a38ad\" data-element_type=\"section\" data-e-type=\"section\">\n\t\t\t\t\t\t<div class=\"elementor-container elementor-column-gap-default\">\n\t\t\t\t\t<div class=\"elementor-column elementor-col-100 elementor-top-column elementor-element elementor-element-74afe62\" data-id=\"74afe62\" data-element_type=\"column\" data-e-type=\"column\">\n\t\t\t<div class=\"elementor-widget-wrap elementor-element-populated\">\n\t\t\t\t\t\t<div class=\"elementor-element elementor-element-a315e82 elementor-widget elementor-widget-image\" data-id=\"a315e82\" data-element_type=\"widget\" data-e-type=\"widget\" data-widget_type=\"image.default\">\n\t\t\t\t\t\t\t\t\t\t\t\t<figure class=\"wp-caption\">\n\t\t\t\t\t\t\t\t\t\t<img fetchpriority=\"high\" decoding=\"async\" width=\"700\" height=\"394\" src=\"https:\/\/hansenharmon.com\/wp-content\/uploads\/2023\/08\/mauro-sbicego-6E5noIT56AE-unsplash-2.webp\" class=\"attachment-medium_large size-medium_large wp-image-2356\" alt=\"Sailboat caught sideways in the surf breakers - representation of a boating accident scenario.\" srcset=\"https:\/\/hansenharmon.com\/wp-content\/uploads\/2023\/08\/mauro-sbicego-6E5noIT56AE-unsplash-2.webp 700w, https:\/\/hansenharmon.com\/wp-content\/uploads\/2023\/08\/mauro-sbicego-6E5noIT56AE-unsplash-2-300x169.webp 300w\" sizes=\"(max-width: 700px) 100vw, 700px\" \/>\t\t\t\t\t\t\t\t\t\t\t<figcaption class=\"widget-image-caption wp-caption-text\">A sailboat trapped sideways in the surf breakers, illustrating the unexpected dangers that can occur at sea. If you or a loved one has been involved in a boating accident, consult with our expert boat accident attorneys.<\/figcaption>\n\t\t\t\t\t\t\t\t\t\t<\/figure>\n\t\t\t\t\t\t\t\t\t<\/div>\n\t\t\t\t\t<\/div>\n\t\t<\/div>\n\t\t\t\t\t<\/div>\n\t\t<\/section>\n\t\t\t\t<section class=\"elementor-section elementor-top-section elementor-element elementor-element-99f0967 elementor-section-boxed elementor-section-height-default elementor-section-height-default\" data-id=\"99f0967\" data-element_type=\"section\" data-e-type=\"section\">\n\t\t\t\t\t\t<div class=\"elementor-container elementor-column-gap-default\">\n\t\t\t\t\t<div class=\"elementor-column elementor-col-100 elementor-top-column elementor-element elementor-element-174157e\" data-id=\"174157e\" data-element_type=\"column\" data-e-type=\"column\">\n\t\t\t<div class=\"elementor-widget-wrap elementor-element-populated\">\n\t\t\t\t\t\t<div class=\"elementor-element elementor-element-2ab3f26 elementor-toc--minimized-on-desktop elementor-widget elementor-widget-table-of-contents\" data-id=\"2ab3f26\" data-element_type=\"widget\" data-e-type=\"widget\" data-settings=\"{&quot;exclude_headings_by_selector&quot;:[],&quot;minimized_on&quot;:&quot;desktop&quot;,&quot;no_headings_message&quot;:&quot;No headings were found on this page.&quot;,&quot;headings_by_tags&quot;:[&quot;h2&quot;,&quot;h3&quot;,&quot;h4&quot;,&quot;h5&quot;,&quot;h6&quot;],&quot;marker_view&quot;:&quot;numbers&quot;,&quot;minimize_box&quot;:&quot;yes&quot;,&quot;hierarchical_view&quot;:&quot;yes&quot;,&quot;min_height&quot;:{&quot;unit&quot;:&quot;px&quot;,&quot;size&quot;:&quot;&quot;,&quot;sizes&quot;:[]},&quot;min_height_tablet&quot;:{&quot;unit&quot;:&quot;px&quot;,&quot;size&quot;:&quot;&quot;,&quot;sizes&quot;:[]},&quot;min_height_mobile&quot;:{&quot;unit&quot;:&quot;px&quot;,&quot;size&quot;:&quot;&quot;,&quot;sizes&quot;:[]}}\" data-widget_type=\"table-of-contents.default\">\n\t\t\t\t\t\t\t\t\t<div class=\"elementor-toc__header\">\n\t\t\t\t\t\t<h4 class=\"elementor-toc__header-title\">\n\t\t\t\tTable of Contents\t\t\t<\/h4>\n\t\t\t\t\t\t\t\t\t\t<div class=\"elementor-toc__toggle-button elementor-toc__toggle-button--expand\" role=\"button\" tabindex=\"0\" aria-controls=\"elementor-toc__2ab3f26\" aria-expanded=\"true\" aria-label=\"Open table of contents\"><svg aria-hidden=\"true\" class=\"e-font-icon-svg e-fas-chevron-down\" viewBox=\"0 0 448 512\" xmlns=\"http:\/\/www.w3.org\/2000\/svg\"><path d=\"M207.029 381.476L12.686 187.132c-9.373-9.373-9.373-24.569 0-33.941l22.667-22.667c9.357-9.357 24.522-9.375 33.901-.04L224 284.505l154.745-154.021c9.379-9.335 24.544-9.317 33.901.04l22.667 22.667c9.373 9.373 9.373 24.569 0 33.941L240.971 381.476c-9.373 9.372-24.569 9.372-33.942 0z\"><\/path><\/svg><\/div>\n\t\t\t\t<div class=\"elementor-toc__toggle-button elementor-toc__toggle-button--collapse\" role=\"button\" tabindex=\"0\" aria-controls=\"elementor-toc__2ab3f26\" aria-expanded=\"true\" aria-label=\"Close table of contents\"><svg aria-hidden=\"true\" class=\"e-font-icon-svg e-fas-chevron-up\" viewBox=\"0 0 448 512\" xmlns=\"http:\/\/www.w3.org\/2000\/svg\"><path d=\"M240.971 130.524l194.343 194.343c9.373 9.373 9.373 24.569 0 33.941l-22.667 22.667c-9.357 9.357-24.522 9.375-33.901.04L224 227.495 69.255 381.516c-9.379 9.335-24.544 9.317-33.901-.04l-22.667-22.667c-9.373-9.373-9.373-24.569 0-33.941L207.03 130.525c9.372-9.373 24.568-9.373 33.941-.001z\"><\/path><\/svg><\/div>\n\t\t\t\t\t<\/div>\n\t\t\t\t<div id=\"elementor-toc__2ab3f26\" class=\"elementor-toc__body\">\n\t\t\t<div class=\"elementor-toc__spinner-container\">\n\t\t\t\t<svg class=\"elementor-toc__spinner eicon-animation-spin e-font-icon-svg e-eicon-loading\" aria-hidden=\"true\" viewBox=\"0 0 1000 1000\" xmlns=\"http:\/\/www.w3.org\/2000\/svg\"><path d=\"M500 975V858C696 858 858 696 858 500S696 142 500 142 142 304 142 500H25C25 237 238 25 500 25S975 237 975 500 763 975 500 975Z\"><\/path><\/svg>\t\t\t<\/div>\n\t\t<\/div>\n\t\t\t\t\t\t<\/div>\n\t\t\t\t<div class=\"elementor-element elementor-element-7ac510b elementor-widget elementor-widget-text-editor\" data-id=\"7ac510b\" data-element_type=\"widget\" data-e-type=\"widget\" data-widget_type=\"text-editor.default\">\n\t\t\t\t\t\t\t\t\t<h3><b>Experienced Boat Accident Lawyers: Protecting Your Rights on the Water<\/b><\/h3><p><span style=\"font-weight: 400;\">Boating can be an exciting way to enjoy the open water, but accidents happen, and they can be devastating. If you&#8217;ve been involved in a watercraft mishap, you need a reliable boat accident lawyer near you. Hansen &amp; Harmon Injury Law is your go-to boat accident law firm in Las Vegas, Nevada, providing skilled and experienced <a href=\"https:\/\/hansenharmon.com\/personal-injury\/\"><strong>personal injury legal services<\/strong><\/a> for victims of boating accidents. Put over <a href=\"https:\/\/hansenharmon.com\/personal-injury\/las-vegas-assault-victim-lawyer\/\">3<\/a>0 years of legal experience on your side.<\/span><\/p><h3><b>Types of Boat Accidents We Handle<\/b><\/h3><ul><li style=\"font-weight: 400;\" aria-level=\"1\"><span style=\"font-weight: 400;\">Motorboat Accidents<\/span><\/li><li style=\"font-weight: 400;\" aria-level=\"1\"><span style=\"font-weight: 400;\">Sailboat Accidents<\/span><\/li><li style=\"font-weight: 400;\" aria-level=\"1\"><span style=\"font-weight: 400;\">Jet Ski Accidents: Our jet ski accident lawyers have extensive experience in this area.<\/span><\/li><li style=\"font-weight: 400;\" aria-level=\"1\"><span style=\"font-weight: 400;\">Yacht Accidents<\/span><\/li><li style=\"font-weight: 400;\" aria-level=\"1\"><span style=\"font-weight: 400;\">Commercial Vessel Accidents<\/span><\/li><\/ul><h3><b>Common Causes of Boat Accidents<\/b><\/h3><p><span style=\"font-weight: 400;\">Understanding the cause is vital for a successful claim. Common causes usually include some form of <a href=\"https:\/\/hansenharmon.com\/personal-injury\/nevada-negligence-law\/\"><strong>negligence<\/strong><\/a>:<\/span><\/p><ul><li style=\"font-weight: 400;\" aria-level=\"1\"><span style=\"font-weight: 400;\">Operator Inattention<\/span><\/li><li style=\"font-weight: 400;\" aria-level=\"1\"><span style=\"font-weight: 400;\">Speeding<\/span><\/li><li style=\"font-weight: 400;\" aria-level=\"1\"><span style=\"font-weight: 400;\">Equipment Failure<\/span><\/li><li style=\"font-weight: 400;\" aria-level=\"1\"><span style=\"font-weight: 400;\">Violation of Navigation Rules<\/span><\/li><li style=\"font-weight: 400;\" aria-level=\"1\"><span style=\"font-weight: 400;\">Alcohol Use<\/span><\/li><\/ul><h3><b>Why Choose Us as Your Boat Injury Lawyers?<\/b><\/h3><ul><li style=\"font-weight: 400;\" aria-level=\"1\"><span style=\"font-weight: 400;\"><strong>Experience:<\/strong> With our boat injury attorneys, you&#8217;ll have decades of experience fighting for you.<\/span><\/li><li style=\"font-weight: 400;\" aria-level=\"1\"><span style=\"font-weight: 400;\"><strong>Local Presence<\/strong>: Searching for a boat accident lawyer near me or boat accident attorney near me? Hansen &amp; Harmon Injury Law is conveniently located near you.<\/span><\/li><li style=\"font-weight: 400;\" aria-level=\"1\"><span style=\"font-weight: 400;\"><strong>Proven Success:<\/strong> We&#8217;ve secured compensation for various watercraft accident victims, proving our reputation as the best boat accident attorney in the region.<\/span><\/li><li style=\"font-weight: 400;\" aria-level=\"1\"><span style=\"font-weight: 400;\"><strong>Free Consultation:<\/strong> Evaluate your options with a free consultation.<\/span><strong><a href=\"#consultation\"> Contact us<\/a><\/strong><span style=\"font-weight: 400;\"> today!<\/span><\/li><\/ul><h3><b>Injuries in Boating Accidents<\/b><\/h3><p><span style=\"font-weight: 400;\">Boat accidents can lead to severe injuries:<\/span><\/p><ul><li style=\"font-weight: 400;\" aria-level=\"1\"><span style=\"font-weight: 400;\">Head and Brain Injuries: These can have lifelong impacts.<\/span><\/li><li style=\"font-weight: 400;\" aria-level=\"1\"><span style=\"font-weight: 400;\">Spinal Cord Injuries: Seek compensation for long-term care with our boat injury lawyer.<\/span><\/li><li style=\"font-weight: 400;\" aria-level=\"1\"><span style=\"font-weight: 400;\">Broken Bones<\/span><\/li><li style=\"font-weight: 400;\" aria-level=\"1\"><span style=\"font-weight: 400;\">Drowning and Near-Drowning Incidents<\/span><\/li><\/ul><h3><b>How Our Boating Accident Lawyers Can Assist You<\/b><\/h3><ul><li style=\"font-weight: 400;\" aria-level=\"1\"><strong>In-Depth Case Analysis<\/strong>: We carefully review all available evidence and details related to your case, creating a robust and well-prepared legal strategy.<\/li><li style=\"font-weight: 400;\" aria-level=\"1\"><span style=\"font-weight: 400;\"><strong>Negotiation with Insurance:<\/strong> Our boat accident attorney skills include aggressive negotiations.<\/span><\/li><li style=\"font-weight: 400;\" aria-level=\"1\"><span style=\"font-weight: 400;\"><strong>Litigation:<\/strong> If need be, we&#8217;ll take your case to court, backed by our boating crash law firm. Kevin, our lead trial lawyer is battle-tested and trial savvy.\u00a0 We have the tools to get you maximum compensation for your injury.<\/span><\/li><li style=\"font-weight: 400;\" aria-level=\"1\"><span style=\"font-weight: 400;\"><strong>Personalized Service:<\/strong> With us, you&#8217;ll work directly with an attorney, not a paralegal.<\/span><\/li><\/ul><h3><b>Our Legal Team<\/b><\/h3><ul><li style=\"font-weight: 400;\" aria-level=\"1\"><span style=\"font-weight: 400;\">Kevin R. Hansen:<\/span><a href=\"https:\/\/hansenharmon.com\/about-us\/meet-our-legal-team\/kevin-r-hansen\/\"> <span style=\"font-weight: 400;\">Learn more about <strong>Kevin<\/strong><\/span><\/a><span style=\"font-weight: 400;\">, our lead boat accident attorney with <a href=\"https:\/\/hansenharmon.com\/personal-injury\/las-vegas-assault-victim-lawyer\/\">3<\/a>0 years of experience.<\/span><\/li><li style=\"font-weight: 400;\" aria-level=\"1\"><span style=\"font-weight: 400;\">Amanda A. Harmon:<\/span><a href=\"https:\/\/hansenharmon.com\/about-us\/meet-our-legal-team\/amanda-a-harmon\/\"> <span style=\"font-weight: 400;\">Find out about <strong>Amanda&#8217;s experience<\/strong><\/span><\/a><span style=\"font-weight: 400;\"> in personal injury, including watercraft accidents.<\/span><\/li><\/ul><h3><b>Testimonials<\/b><\/h3><p><span style=\"font-weight: 400;\">Don&#8217;t just take our word for it.<\/span><a href=\"https:\/\/hansenharmon.com\/testimonials\/\"> <span style=\"font-weight: 400;\"><strong>Read testimonials<\/strong><\/span><\/a><span style=\"font-weight: 400;\"> from clients we&#8217;ve helped as a leading boat injury law firm.<\/span><\/p><h3><b>Contact Us<\/b><\/h3><p><span style=\"font-weight: 400;\">Injured in a boat accident? Need a watercraft accident attorney you can trust? Look no further. At <strong>Hansen &amp; Harmon Injury Law<\/strong>, we are committed to seeking justice for boat accident victims.<\/span><strong><a href=\"#consultation\"> Contact us now<\/a><\/strong><span style=\"font-weight: 400;\"> to schedule a free consultation.<\/span><\/p>\t\t\t\t\t\t\t\t<\/div>\n\t\t\t\t\t<\/div>\n\t\t<\/div>\n\t\t\t\t\t<\/div>\n\t\t<\/section>\n\t\t\t\t<\/div>\n\t\t","protected":false},"excerpt":{"rendered":"<p>A sailboat trapped sideways in the surf breakers, illustrating the unexpected dangers that can occur at sea. If you or a loved one has been involved in a boating accident, consult with our expert boat accident attorneys. Table of Contents Experienced Boat Accident Lawyers: Protecting Your Rights on the Water Boating can be an exciting [&hellip;]<\/p>\n","protected":false},"author":1,"featured_media":2356,"parent":304,"menu_order":0,"comment_status":"closed","ping_status":"closed","template":"","meta":{"_glsr_average":0,"_glsr_ranking":0,"_glsr_reviews":0,"footnotes":""},"class_list":["post-2349","page","type-page","status-publish","has-post-thumbnail","hentry"],"yoast_head":"<!-- This site is optimized with the Yoast SEO Premium plugin v27.4 (Yoast SEO v27.4) - https:\/\/yoast.com\/product\/yoast-seo-premium-wordpress\/ -->\n<title>Boat Accident Lawyer in Las Vegas, NV - Boat Injury Attorneys - Hansen &amp; Harmon Injury Law<\/title>\n<meta name=\"description\" content=\"Have you suffered a boating accident in Southern Nevada? Free Consultation with our top-rated boat accident attorneys near you. 702-478-7777\" \/>\n<meta name=\"robots\" content=\"index, follow, max-snippet:-1, max-image-preview:large, max-video-preview:-1\" \/>\n<link rel=\"canonical\" href=\"https:\/\/hansenharmon.com\/es\/danos-personales\/abogado-de-accidentes-de-barco\/\" \/>\n<meta property=\"og:locale\" content=\"es_MX\" \/>\n<meta property=\"og:type\" content=\"article\" \/>\n<meta property=\"og:title\" content=\"Find Trusted Boat Accident Attorneys in Las Vegas - Hansen &amp; Harmon Injury Law\" \/>\n<meta property=\"og:description\" content=\"Boating accidents can have life-altering consequences. At Hansen &amp; Harmon Injury Law, our experienced boating accident lawyers stand ready to fight for your rights. Serving Las Vegas, Henderson, Boulder City, and more. Contact us for your free consultation today!\" \/>\n<meta property=\"og:url\" content=\"https:\/\/hansenharmon.com\/es\/danos-personales\/abogado-de-accidentes-de-barco\/\" \/>\n<meta property=\"og:site_name\" content=\"Hansen &amp; Harmon Injury Law\" \/>\n<meta property=\"article:publisher\" content=\"https:\/\/www.facebook.com\/kevinrhansenlawlasvegas\/\" \/>\n<meta property=\"article:modified_time\" content=\"2026-01-23T18:04:20+00:00\" \/>\n<meta property=\"og:image\" content=\"https:\/\/hansenharmon.com\/wp-content\/uploads\/2023\/08\/mauro-sbicego-6E5noIT56AE-unsplash-2.webp\" \/>\n\t<meta property=\"og:image:width\" content=\"700\" \/>\n\t<meta property=\"og:image:height\" content=\"394\" \/>\n\t<meta property=\"og:image:type\" content=\"image\/webp\" \/>\n<meta name=\"twitter:card\" content=\"summary_large_image\" \/>\n<meta name=\"twitter:title\" content=\"Boat Accident Lawyer - Find Trusted Boat Accident Attorneys in Las Vegas - Hansen &amp; Harmon Injury Law\" \/>\n<meta name=\"twitter:description\" content=\"Boating accidents can have life-altering consequences. At Hansen &amp; Harmon Injury Law, our experienced boating accident lawyers stand ready to fight for your rights. Serving Las Vegas, Henderson, Boulder City, and more. Contact us for your free consultation today!\" \/>\n<meta name=\"twitter:site\" content=\"@kevinrhansenlaw\" \/>\n<meta name=\"twitter:label1\" content=\"Tiempo de lectura\" \/>\n\t<meta name=\"twitter:data1\" content=\"3 minutos\" \/>\n<meta name=\"geo.placename\" content=\"Las Vegas\" \/>\n<meta name=\"geo.position\" content=\"36.14203902558338;-115.24347263841622\" \/>\n<meta name=\"geo.region\" content=\"Estados Unidos (EEUU)\" \/>\n<!-- \/ Yoast SEO Premium plugin. -->","yoast_head_json":{"title":"Boat Accident Lawyer in Las Vegas, NV - Boat Injury Attorneys - Hansen &amp; Harmon Injury Law","description":"\u00bfHa sufrido un accidente de barco en el sur de Nevada? Consulta gratuita con nuestros mejores abogados de accidentes de barco cerca de usted. 702-478-7777","robots":{"index":"index","follow":"follow","max-snippet":"max-snippet:-1","max-image-preview":"max-image-preview:large","max-video-preview":"max-video-preview:-1"},"canonical":"https:\/\/hansenharmon.com\/es\/danos-personales\/abogado-de-accidentes-de-barco\/","og_locale":"es_MX","og_type":"article","og_title":"Find Trusted Boat Accident Attorneys in Las Vegas - Hansen &amp; Harmon Injury Law","og_description":"Boating accidents can have life-altering consequences. At Hansen & Harmon Injury Law, our experienced boating accident lawyers stand ready to fight for your rights. Serving Las Vegas, Henderson, Boulder City, and more. Contact us for your free consultation today!","og_url":"https:\/\/hansenharmon.com\/es\/danos-personales\/abogado-de-accidentes-de-barco\/","og_site_name":"Hansen &amp; Harmon Injury Law","article_publisher":"https:\/\/www.facebook.com\/kevinrhansenlawlasvegas\/","article_modified_time":"2026-01-23T18:04:20+00:00","og_image":[{"width":700,"height":394,"url":"https:\/\/hansenharmon.com\/wp-content\/uploads\/2023\/08\/mauro-sbicego-6E5noIT56AE-unsplash-2.webp","type":"image\/webp"}],"twitter_card":"summary_large_image","twitter_title":"Boat Accident Lawyer - Find Trusted Boat Accident Attorneys in Las Vegas - Hansen &amp; Harmon Injury Law","twitter_description":"Boating accidents can have life-altering consequences. At Hansen & Harmon Injury Law, our experienced boating accident lawyers stand ready to fight for your rights. Serving Las Vegas, Henderson, Boulder City, and more. Contact us for your free consultation today!","twitter_site":"@kevinrhansenlaw","twitter_misc":{"Tiempo de lectura":"3 minutos"},"schema":{"@context":"https:\/\/schema.org","@graph":[{"@type":"WebPage","@id":"https:\/\/hansenharmon.com\/personal-injury\/boat-accident-lawyer\/","url":"https:\/\/hansenharmon.com\/personal-injury\/boat-accident-lawyer\/","name":"Boat Accident Lawyer in Las Vegas, NV - Boat Injury Attorneys - Hansen &amp; Harmon Injury Law","isPartOf":{"@id":"https:\/\/hansenharmon.com\/#website"},"primaryImageOfPage":{"@id":"https:\/\/hansenharmon.com\/personal-injury\/boat-accident-lawyer\/#primaryimage"},"image":{"@id":"https:\/\/hansenharmon.com\/personal-injury\/boat-accident-lawyer\/#primaryimage"},"thumbnailUrl":"https:\/\/hansenharmon.com\/wp-content\/uploads\/2023\/08\/mauro-sbicego-6E5noIT56AE-unsplash-2.webp","datePublished":"2023-08-14T18:24:51+00:00","dateModified":"2026-01-23T18:04:20+00:00","description":"\u00bfHa sufrido un accidente de barco en el sur de Nevada? Consulta gratuita con nuestros mejores abogados de accidentes de barco cerca de usted. 702-478-7777","breadcrumb":{"@id":"https:\/\/hansenharmon.com\/personal-injury\/boat-accident-lawyer\/#breadcrumb"},"inLanguage":"es","potentialAction":[{"@type":"ReadAction","target":["https:\/\/hansenharmon.com\/personal-injury\/boat-accident-lawyer\/"]}]},{"@type":"ImageObject","inLanguage":"es","@id":"https:\/\/hansenharmon.com\/personal-injury\/boat-accident-lawyer\/#primaryimage","url":"https:\/\/hansenharmon.com\/wp-content\/uploads\/2023\/08\/mauro-sbicego-6E5noIT56AE-unsplash-2.webp","contentUrl":"https:\/\/hansenharmon.com\/wp-content\/uploads\/2023\/08\/mauro-sbicego-6E5noIT56AE-unsplash-2.webp","width":700,"height":394,"caption":"A sailboat trapped sideways in the surf breakers, illustrating the unexpected dangers that can occur at sea. If you or a loved one has been involved in a boating accident, consult with our expert boat accident attorneys."},{"@type":"BreadcrumbList","@id":"https:\/\/hansenharmon.com\/personal-injury\/boat-accident-lawyer\/#breadcrumb","itemListElement":[{"@type":"ListItem","position":1,"name":"Home","item":"https:\/\/hansenharmon.com\/"},{"@type":"ListItem","position":2,"name":"Personal Injury Attorneys in Las Vegas, Nevada","item":"https:\/\/hansenharmon.com\/personal-injury\/"},{"@type":"ListItem","position":3,"name":"Boat Accident Lawyer"}]},{"@type":"WebSite","@id":"https:\/\/hansenharmon.com\/#website","url":"https:\/\/hansenharmon.com\/","name":"Bufete de abogados Hansen &amp; Harmon","description":"Abogados especializados en lesiones personales en Las Vegas: abogados litigantes con amplia experiencia que prestan servicios en Nevada.","publisher":{"@id":"https:\/\/hansenharmon.com\/#organization"},"alternateName":"Hansen & Harmon Injury Law","potentialAction":[{"@type":"SearchAction","target":{"@type":"EntryPoint","urlTemplate":"https:\/\/hansenharmon.com\/?s={search_term_string}"},"query-input":{"@type":"PropertyValueSpecification","valueRequired":true,"valueName":"search_term_string"}}],"inLanguage":"es"},{"@type":["Organization","Place"],"@id":"https:\/\/hansenharmon.com\/#organization","name":"Bufete de abogados Hansen &amp; Harmon","alternateName":"Hansen & Harmon Injury Law","url":"https:\/\/hansenharmon.com\/","logo":{"@id":"https:\/\/hansenharmon.com\/personal-injury\/boat-accident-lawyer\/#local-main-organization-logo"},"image":{"@id":"https:\/\/hansenharmon.com\/personal-injury\/boat-accident-lawyer\/#local-main-organization-logo"},"sameAs":["https:\/\/www.facebook.com\/kevinrhansenlawlasvegas\/","https:\/\/x.com\/kevinrhansenlaw"],"description":"Fundado en 1998, el bufete de abogados Hansen &amp; Harmon, anteriormente conocido como The Law Office of Kevin R. Hansen, es un bufete de abogados de confianza especializado en lesiones personales en Las Vegas que lleva m\u00e1s de 30 a\u00f1os prestando sus servicios a clientes de todo el condado de Clark y el sur de Nevada. El abogado litigante principal Kevin R. Hansen y la abogada especializada en lesiones personales Amanda A. Harmon ofrecen una representaci\u00f3n agresiva y orientada a los resultados a las v\u00edctimas de accidentes automovil\u00edsticos, accidentes de motocicleta, lesiones en hoteles y casinos, responsabilidad civil por las instalaciones y muerte por negligencia. Con tres d\u00e9cadas de experiencia en los tribunales y en negociaciones, nuestro bufete se dedica a garantizar la m\u00e1xima indemnizaci\u00f3n que nuestros clientes merecen. El bufete Hansen &amp; Harmon ofrece consultas gratuitas y una garant\u00eda de \u00absi no gana, no paga\u00bb, lo que asegura que cada cliente trabaje directamente con un abogado de principio a fin.","legalName":"Hansen & Harmon Law Firm","foundingDate":"1998-07-01","address":{"@id":"https:\/\/hansenharmon.com\/personal-injury\/boat-accident-lawyer\/#local-main-place-address"},"geo":{"@type":"GeoCoordinates","latitude":"36.14203902558338","longitude":"-115.24347263841622"},"telephone":["7024787777"],"contactPoint":{"@type":"ContactPoint","telephone":"7024787777","email":"Injured@hansenharmon.com"},"openingHoursSpecification":[{"@type":"OpeningHoursSpecification","dayOfWeek":["Monday","Tuesday","Wednesday","Thursday","Friday"],"opens":"08:00","closes":"17:00"},{"@type":"OpeningHoursSpecification","dayOfWeek":["Saturday","Sunday"],"opens":"00:00","closes":"00:00"}],"email":"Injured@hansenharmon.com","faxNumber":"Lawyer & Legal Services, Lawyers,","areaServed":"Las Vegas, NV, Henderson, NV, North Las Vegas, NV, Paradise, NV, Spring Valley, NV, Sunrise Manor, NV, Enterprise, NV, Whitney, NV, Summerlin, NV, Southern Nevada, Clark County, NV"},{"@type":"PostalAddress","@id":"https:\/\/hansenharmon.com\/personal-injury\/boat-accident-lawyer\/#local-main-place-address","streetAddress":"2625 S Rainbow Blvd C 106","addressLocality":"Las Vegas","postalCode":"89146","addressRegion":"Nevada","addressCountry":"US"},{"@type":"ImageObject","inLanguage":"es","@id":"https:\/\/hansenharmon.com\/personal-injury\/boat-accident-lawyer\/#local-main-organization-logo","url":"https:\/\/hansenharmon.com\/wp-content\/uploads\/2025\/10\/HH_Hero_Logo_Black.jpg","contentUrl":"https:\/\/hansenharmon.com\/wp-content\/uploads\/2025\/10\/HH_Hero_Logo_Black.jpg","width":1080,"height":501,"caption":"Hansen & Harmon Law Firm"}]},"geo.placename":"Las Vegas","geo.position":{"lat":"36.14203902558338","long":"-115.24347263841622"},"geo.region":"Estados Unidos (EEUU)"},"_links":{"self":[{"href":"https:\/\/hansenharmon.com\/es\/wp-json\/wp\/v2\/pages\/2349","targetHints":{"allow":["GET"]}}],"collection":[{"href":"https:\/\/hansenharmon.com\/es\/wp-json\/wp\/v2\/pages"}],"about":[{"href":"https:\/\/hansenharmon.com\/es\/wp-json\/wp\/v2\/types\/page"}],"author":[{"embeddable":true,"href":"https:\/\/hansenharmon.com\/es\/wp-json\/wp\/v2\/users\/1"}],"replies":[{"embeddable":true,"href":"https:\/\/hansenharmon.com\/es\/wp-json\/wp\/v2\/comments?post=2349"}],"version-history":[{"count":10,"href":"https:\/\/hansenharmon.com\/es\/wp-json\/wp\/v2\/pages\/2349\/revisions"}],"predecessor-version":[{"id":31257,"href":"https:\/\/hansenharmon.com\/es\/wp-json\/wp\/v2\/pages\/2349\/revisions\/31257"}],"up":[{"embeddable":true,"href":"https:\/\/hansenharmon.com\/es\/wp-json\/wp\/v2\/pages\/304"}],"wp:featuredmedia":[{"embeddable":true,"href":"https:\/\/hansenharmon.com\/es\/wp-json\/wp\/v2\/media\/2356"}],"wp:attachment":[{"href":"https:\/\/hansenharmon.com\/es\/wp-json\/wp\/v2\/media?parent=2349"}],"curies":[{"name":"wp","href":"https:\/\/api.w.org\/{rel}","templated":true}]}}