{"id":265,"date":"2023-06-17T16:37:47","date_gmt":"2023-06-17T23:37:47","guid":{"rendered":"https:\/\/kevinhansen.flywheelsites.com\/?page_id=265"},"modified":"2025-10-15T13:46:24","modified_gmt":"2025-10-15T20:46:24","slug":"descargo-de-responsabilidad","status":"publish","type":"page","link":"https:\/\/hansenharmon.com\/es\/disclaimer\/","title":{"rendered":"Descargo de responsabilidad"},"content":{"rendered":"<div data-elementor-type=\"wp-page\" data-elementor-id=\"265\" class=\"elementor elementor-265\" data-elementor-post-type=\"page\">\n\t\t\t\t\t\t<section class=\"elementor-section elementor-top-section elementor-element elementor-element-166c878 elementor-section-boxed elementor-section-height-default elementor-section-height-default\" data-id=\"166c878\" data-element_type=\"section\" data-e-type=\"section\">\n\t\t\t\t\t\t<div class=\"elementor-container elementor-column-gap-default\">\n\t\t\t\t\t<div class=\"elementor-column elementor-col-100 elementor-top-column elementor-element elementor-element-a3a3d9f\" data-id=\"a3a3d9f\" data-element_type=\"column\" data-e-type=\"column\">\n\t\t\t<div class=\"elementor-widget-wrap elementor-element-populated\">\n\t\t\t\t\t\t<div class=\"elementor-element elementor-element-dec9d73 elementor-widget elementor-widget-text-editor\" data-id=\"dec9d73\" data-element_type=\"widget\" data-e-type=\"widget\" data-widget_type=\"text-editor.default\">\n\t\t\t\t\t\t\t\t\t<h2><strong>Relaci\u00f3n abogado-cliente<\/strong><\/h2><p>La informaci\u00f3n ofrecida en esta p\u00e1gina web o durante la evaluaci\u00f3n de su caso no crea una relaci\u00f3n abogado-cliente. No existe relaci\u00f3n abogado-cliente entre nosotros hasta que usted haya firmado un acuerdo de honorarios por escrito.<\/p><p>Por ello, no nos hacemos responsables de los da\u00f1os o p\u00e9rdidas derivados de la confianza depositada en la informaci\u00f3n contenida en este sitio web. La informaci\u00f3n contenida en este sitio web puede no ser aplicable a su caso concreto. No piense que obtendr\u00e1 una respuesta completa o precisa a sus preguntas legales simplemente leyendo el sitio web de un abogado. Siempre debe consultar a un abogado sobre su pregunta o asunto legal espec\u00edfico.<\/p><h2><strong>Los resultados pasados no garantizan los futuros<\/strong><\/h2><p>Las descripciones y res\u00famenes sobre los casos y acuerdos anteriores del abogado que se encuentran en este sitio web s\u00f3lo pretenden proporcionar informaci\u00f3n sobre las actividades y experiencia de nuestros abogados y no deben entenderse como una garant\u00eda o seguridad de \u00e9xito futuro en ning\u00fan asunto. Los resultados expuestos dependen de una serie de hechos y circunstancias exclusivos de los asuntos particulares descritos, y no reflejan la totalidad del historial de los abogados individuales implicados. Los resultados anteriores no son garant\u00eda de resultados futuros, y el resultado de su caso o asunto particular no puede predecirse utilizando los resultados anteriores de un abogado o bufete de abogados. Cada caso es \u00fanico y diferente y debe ser evaluado por sus propios m\u00e9ritos, sin comparaci\u00f3n con otros casos que pueden haber tenido diferentes hechos y circunstancias.<\/p><h2><strong>Limitaci\u00f3n de responsabilidad<\/strong><\/h2><p>El uso de este sitio web es por cuenta y riesgo del usuario, y Professional Staff R. Hansen renuncia expresamente a toda responsabilidad con respecto a las acciones tomadas o no tomadas en base a cualquier contenido de este sitio web. El contenido del sitio web contiene informaci\u00f3n general y puede no reflejar los \u00faltimos avances legales, veredictos o acuerdos, y ni los autores ni Hansen &amp; Harmon Injury Law realizan ninguna afirmaci\u00f3n, promesa o garant\u00eda sobre la exactitud, integridad, actualidad o adecuaci\u00f3n del contenido o la informaci\u00f3n aqu\u00ed incluida o vinculada. Los materiales de este sitio web pueden modificarse, mejorarse o actualizarse sin previo aviso. Hansen &amp; Harmon Injury Law no se hace responsable de los errores u omisiones en el contenido de este sitio web ni de los da\u00f1os derivados del uso o rendimiento de este sitio web bajo ninguna circunstancia.<\/p><p>Hansen &amp; Harmon Injury Law no pretende que este sitio web sea publicidad de servicios legales, pero en algunas jurisdicciones puede considerarse como tal. Los resultados anteriores descritos en este sitio web no garantizan un resultado similar. Los resultados dependen de una variedad de factores \u00fanicos para cada representaci\u00f3n.<\/p><p>Hansen &amp; Harmon Injury Law no pretende representar a ninguna persona por el hecho de haber visitado este sitio web en una jurisdicci\u00f3n en la que dicho sitio web no cumpla con los requisitos locales. Este sitio web no constituye una oferta para prestar servicios legales en ninguna jurisdicci\u00f3n en la que los abogados de Hansen &amp; Harmon Injury Law no est\u00e9n autorizados para ejercer. Las jurisdicciones en las que nuestros abogados est\u00e1n autorizados para ejercer se indican en la secci\u00f3n \u201cPerfil de los abogados\u201d de este sitio web.<\/p><h2><strong>Sin solicitud<\/strong><\/h2><p>Le solicitamos que no utilice ninguna de la informaci\u00f3n contenida en este sitio web, incluyendo, sin limitaci\u00f3n, las direcciones de correo electr\u00f3nico que aqu\u00ed se publican, para transmitir, distribuir o facilitar la distribuci\u00f3n de correo electr\u00f3nico masivo no solicitado u otros anuncios publicitarios a Hansen &amp; Harmon Injury Law o a cualquiera de sus abogados u otros empleados, ya que cualquier uso de la informaci\u00f3n contenida en este sitio web constituye una violaci\u00f3n de los t\u00e9rminos de uso del mismo.<\/p>\t\t\t\t\t\t\t\t<\/div>\n\t\t\t\t\t<\/div>\n\t\t<\/div>\n\t\t\t\t\t<\/div>\n\t\t<\/section>\n\t\t\t\t<\/div>","protected":false},"excerpt":{"rendered":"<p>Attorney-Client Relationship The information offered on this website or during our case evaluation does not create an attorney-client relationship. There is no attorney-client relationship between us until you have signed a written fee agreement. As such, we are not responsible for any harm or losses resulting from reliance on the information contained on this website. [&hellip;]<\/p>\n","protected":false},"author":1,"featured_media":0,"parent":0,"menu_order":0,"comment_status":"closed","ping_status":"closed","template":"","meta":{"_glsr_average":0,"_glsr_ranking":0,"_glsr_reviews":0,"footnotes":""},"class_list":["post-265","page","type-page","status-publish","hentry"],"yoast_head":"<!-- This site is optimized with the Yoast SEO Premium plugin v27.4 (Yoast SEO v27.4) - https:\/\/yoast.com\/product\/yoast-seo-premium-wordpress\/ -->\n<title>Disclaimer - Hansen &amp; Harmon Injury Law % %<\/title>\n<meta name=\"robots\" content=\"index, follow, max-snippet:-1, max-image-preview:large, max-video-preview:-1\" \/>\n<link rel=\"canonical\" href=\"https:\/\/hansenharmon.com\/es\/descargo-de-responsabilidad\/\" \/>\n<meta property=\"og:locale\" content=\"es_MX\" \/>\n<meta property=\"og:type\" content=\"article\" \/>\n<meta property=\"og:title\" content=\"Disclaimer\" \/>\n<meta property=\"og:description\" content=\"Attorney-Client Relationship The information offered on this website or during our case evaluation does not create an attorney-client relationship. There is no attorney-client relationship between us until you have signed a written fee agreement. As such, we are not responsible for any harm or losses resulting from reliance on the information contained on this website. [&hellip;]\" \/>\n<meta property=\"og:url\" content=\"https:\/\/hansenharmon.com\/es\/descargo-de-responsabilidad\/\" \/>\n<meta property=\"og:site_name\" content=\"Hansen &amp; Harmon Injury Law\" \/>\n<meta property=\"article:publisher\" content=\"https:\/\/www.facebook.com\/kevinrhansenlawlasvegas\/\" \/>\n<meta property=\"article:modified_time\" content=\"2025-10-15T20:46:24+00:00\" \/>\n<meta name=\"twitter:card\" content=\"summary_large_image\" \/>\n<meta name=\"twitter:site\" content=\"@kevinrhansenlaw\" \/>\n<meta name=\"twitter:label1\" content=\"Tiempo de lectura\" \/>\n\t<meta name=\"twitter:data1\" content=\"3 minutos\" \/>\n<meta name=\"geo.placename\" content=\"Las Vegas\" \/>\n<meta name=\"geo.position\" content=\"36.14203902558338;-115.24347263841622\" \/>\n<meta name=\"geo.region\" content=\"Estados Unidos (EEUU)\" \/>\n<!-- \/ Yoast SEO Premium plugin. -->","yoast_head_json":{"title":"Disclaimer - Hansen &amp; Harmon Injury Law % %","robots":{"index":"index","follow":"follow","max-snippet":"max-snippet:-1","max-image-preview":"max-image-preview:large","max-video-preview":"max-video-preview:-1"},"canonical":"https:\/\/hansenharmon.com\/es\/descargo-de-responsabilidad\/","og_locale":"es_MX","og_type":"article","og_title":"Disclaimer","og_description":"Attorney-Client Relationship The information offered on this website or during our case evaluation does not create an attorney-client relationship. There is no attorney-client relationship between us until you have signed a written fee agreement. As such, we are not responsible for any harm or losses resulting from reliance on the information contained on this website. [&hellip;]","og_url":"https:\/\/hansenharmon.com\/es\/descargo-de-responsabilidad\/","og_site_name":"Hansen &amp; Harmon Injury Law","article_publisher":"https:\/\/www.facebook.com\/kevinrhansenlawlasvegas\/","article_modified_time":"2025-10-15T20:46:24+00:00","twitter_card":"summary_large_image","twitter_site":"@kevinrhansenlaw","twitter_misc":{"Tiempo de lectura":"3 minutos"},"schema":{"@context":"https:\/\/schema.org","@graph":[{"@type":"WebPage","@id":"https:\/\/hansenharmon.com\/disclaimer\/","url":"https:\/\/hansenharmon.com\/disclaimer\/","name":"Disclaimer - Hansen &amp; Harmon Injury Law % %","isPartOf":{"@id":"https:\/\/hansenharmon.com\/#website"},"datePublished":"2023-06-17T23:37:47+00:00","dateModified":"2025-10-15T20:46:24+00:00","breadcrumb":{"@id":"https:\/\/hansenharmon.com\/disclaimer\/#breadcrumb"},"inLanguage":"es","potentialAction":[{"@type":"ReadAction","target":["https:\/\/hansenharmon.com\/disclaimer\/"]}]},{"@type":"BreadcrumbList","@id":"https:\/\/hansenharmon.com\/disclaimer\/#breadcrumb","itemListElement":[{"@type":"ListItem","position":1,"name":"Home","item":"https:\/\/hansenharmon.com\/"},{"@type":"ListItem","position":2,"name":"Disclaimer"}]},{"@type":"WebSite","@id":"https:\/\/hansenharmon.com\/#website","url":"https:\/\/hansenharmon.com\/","name":"Bufete de abogados Hansen &amp; Harmon","description":"Abogados especializados en lesiones personales en Las Vegas: abogados litigantes con amplia experiencia que prestan servicios en Nevada.","publisher":{"@id":"https:\/\/hansenharmon.com\/#organization"},"alternateName":"Hansen & Harmon Injury Law","potentialAction":[{"@type":"SearchAction","target":{"@type":"EntryPoint","urlTemplate":"https:\/\/hansenharmon.com\/?s={search_term_string}"},"query-input":{"@type":"PropertyValueSpecification","valueRequired":true,"valueName":"search_term_string"}}],"inLanguage":"es"},{"@type":["Organization","Place"],"@id":"https:\/\/hansenharmon.com\/#organization","name":"Bufete de abogados Hansen &amp; Harmon","alternateName":"Hansen & Harmon Injury Law","url":"https:\/\/hansenharmon.com\/","logo":{"@id":"https:\/\/hansenharmon.com\/disclaimer\/#local-main-organization-logo"},"image":{"@id":"https:\/\/hansenharmon.com\/disclaimer\/#local-main-organization-logo"},"sameAs":["https:\/\/www.facebook.com\/kevinrhansenlawlasvegas\/","https:\/\/x.com\/kevinrhansenlaw"],"description":"Fundado en 1998, el bufete de abogados Hansen &amp; Harmon, anteriormente conocido como The Law Office of Kevin R. Hansen, es un bufete de abogados de confianza especializado en lesiones personales en Las Vegas que lleva m\u00e1s de 30 a\u00f1os prestando sus servicios a clientes de todo el condado de Clark y el sur de Nevada. El abogado litigante principal Kevin R. Hansen y la abogada especializada en lesiones personales Amanda A. Harmon ofrecen una representaci\u00f3n agresiva y orientada a los resultados a las v\u00edctimas de accidentes automovil\u00edsticos, accidentes de motocicleta, lesiones en hoteles y casinos, responsabilidad civil por las instalaciones y muerte por negligencia. Con tres d\u00e9cadas de experiencia en los tribunales y en negociaciones, nuestro bufete se dedica a garantizar la m\u00e1xima indemnizaci\u00f3n que nuestros clientes merecen. El bufete Hansen &amp; Harmon ofrece consultas gratuitas y una garant\u00eda de \u00absi no gana, no paga\u00bb, lo que asegura que cada cliente trabaje directamente con un abogado de principio a fin.","legalName":"Hansen & Harmon Law Firm","foundingDate":"1998-07-01","address":{"@id":"https:\/\/hansenharmon.com\/disclaimer\/#local-main-place-address"},"geo":{"@type":"GeoCoordinates","latitude":"36.14203902558338","longitude":"-115.24347263841622"},"telephone":["7024787777"],"contactPoint":{"@type":"ContactPoint","telephone":"7024787777","email":"Injured@hansenharmon.com"},"openingHoursSpecification":[{"@type":"OpeningHoursSpecification","dayOfWeek":["Monday","Tuesday","Wednesday","Thursday","Friday"],"opens":"08:00","closes":"17:00"},{"@type":"OpeningHoursSpecification","dayOfWeek":["Saturday","Sunday"],"opens":"00:00","closes":"00:00"}],"email":"Injured@hansenharmon.com","faxNumber":"Lawyer & Legal Services, Lawyers,","areaServed":"Las Vegas, NV, Henderson, NV, North Las Vegas, NV, Paradise, NV, Spring Valley, NV, Sunrise Manor, NV, Enterprise, NV, Whitney, NV, Summerlin, NV, Southern Nevada, Clark County, NV"},{"@type":"PostalAddress","@id":"https:\/\/hansenharmon.com\/disclaimer\/#local-main-place-address","streetAddress":"2625 S Rainbow Blvd C 106","addressLocality":"Las Vegas","postalCode":"89146","addressRegion":"Nevada","addressCountry":"US"},{"@type":"ImageObject","inLanguage":"es","@id":"https:\/\/hansenharmon.com\/disclaimer\/#local-main-organization-logo","url":"https:\/\/hansenharmon.com\/wp-content\/uploads\/2025\/10\/HH_Hero_Logo_Black.jpg","contentUrl":"https:\/\/hansenharmon.com\/wp-content\/uploads\/2025\/10\/HH_Hero_Logo_Black.jpg","width":1080,"height":501,"caption":"Hansen & Harmon Law Firm"}]},"geo.placename":"Las Vegas","geo.position":{"lat":"36.14203902558338","long":"-115.24347263841622"},"geo.region":"Estados Unidos (EEUU)"},"_links":{"self":[{"href":"https:\/\/hansenharmon.com\/es\/wp-json\/wp\/v2\/pages\/265","targetHints":{"allow":["GET"]}}],"collection":[{"href":"https:\/\/hansenharmon.com\/es\/wp-json\/wp\/v2\/pages"}],"about":[{"href":"https:\/\/hansenharmon.com\/es\/wp-json\/wp\/v2\/types\/page"}],"author":[{"embeddable":true,"href":"https:\/\/hansenharmon.com\/es\/wp-json\/wp\/v2\/users\/1"}],"replies":[{"embeddable":true,"href":"https:\/\/hansenharmon.com\/es\/wp-json\/wp\/v2\/comments?post=265"}],"version-history":[{"count":7,"href":"https:\/\/hansenharmon.com\/es\/wp-json\/wp\/v2\/pages\/265\/revisions"}],"predecessor-version":[{"id":28830,"href":"https:\/\/hansenharmon.com\/es\/wp-json\/wp\/v2\/pages\/265\/revisions\/28830"}],"wp:attachment":[{"href":"https:\/\/hansenharmon.com\/es\/wp-json\/wp\/v2\/media?parent=265"}],"curies":[{"name":"wp","href":"https:\/\/api.w.org\/{rel}","templated":true}]}}