{"id":31676,"date":"2026-03-18T18:41:05","date_gmt":"2026-03-19T01:41:05","guid":{"rendered":"https:\/\/hansenharmon.com\/?page_id=31676"},"modified":"2026-03-18T18:41:27","modified_gmt":"2026-03-19T01:41:27","slug":"ejemplo-de-encabezado-predeterminado","status":"publish","type":"page","link":"https:\/\/hansenharmon.com\/es\/sample-default-header\/","title":{"rendered":"Ejemplo de encabezado predeterminado"},"content":{"rendered":"<div data-elementor-type=\"wp-page\" data-elementor-id=\"31676\" class=\"elementor elementor-31676\" data-elementor-post-type=\"page\">\n\t\t\t\t<div class=\"elementor-element elementor-element-6ac2126 e-flex e-con-boxed e-con e-parent\" data-id=\"6ac2126\" data-element_type=\"container\" data-e-type=\"container\">\n\t\t\t\t\t<div class=\"e-con-inner\">\n\t\t\t\t<div class=\"elementor-element elementor-element-00a0275 elementor-widget elementor-widget-text-editor\" data-id=\"00a0275\" data-element_type=\"widget\" data-e-type=\"widget\" data-widget_type=\"text-editor.default\">\n\t\t\t\t\t\t\t\t\t<p>Lorem ipsum dolor sit amet, consectetur adipiscing elit, sed do eiusmod tempor incididunt ut labore et dolore magna aliqua. Ut enim ad minim veniam, quis nostrud exercitation ullamco laboris nisi ut aliquip ex ea commodo consequat. Duis aute irure dolor in reprehenderit in voluptate velit esse cillum dolore eu fugiat nulla pariatur. Excepteur sint occaecat cupidatat non proident, sunt in culpa qui officia deserunt mollit anim id est laborum.<\/p><p>Pero para que comprend\u00e1is de d\u00f3nde proviene todo este error, que acusa al placer y alaba el dolor, os revelar\u00e9 todo el asunto, y explicar\u00e9 aquello mismo que fue dicho por aquel inventor de la verdad y, por as\u00ed decirlo, arquitecto de la vida feliz. Nemo enim ipsam voluptatem quia voluptas sit aspernatur aut odit aut fugit, sed quia consequuntur magni dolores eos qui ratione voluptatem sequi nesciunt. Y tampoco hay nadie que, por ser dolor, ame el dolor mismo, lo acepte o quiera alcanzarlo; sino porque a veces se presentan circunstancias de tal naturaleza que, con esfuerzo y dolor, se busca un gran placer. Porque, para ser sinceros, \u00bfqui\u00e9n de nosotros se somete a un ejercicio f\u00edsico tan laborioso, si no es para obtener alg\u00fan beneficio de \u00e9l? \u00bfY qui\u00e9n reprender\u00eda con raz\u00f3n a quien busca en ello el placer, en lugar de sufrir molestias, o a quien huye del dolor porque no hay placer que lo compense?<\/p>\t\t\t\t\t\t\t\t<\/div>\n\t\t\t\t\t<\/div>\n\t\t\t\t<\/div>\n\t\t\t\t<\/div>","protected":false},"excerpt":{"rendered":"<p>Lorem ipsum dolor sit amet, consectetur adipiscing elit, sed do eiusmod tempor incididunt ut labore et dolore magna aliqua. Ut enim ad minim veniam, quis nostrud exercitation ullamco laboris nisi ut aliquip ex ea commodo consequat. Duis aute irure dolor in reprehenderit in voluptate velit esse cillum dolore eu fugiat nulla pariatur. Excepteur sint occaecat [&hellip;]<\/p>\n","protected":false},"author":7,"featured_media":0,"parent":0,"menu_order":0,"comment_status":"closed","ping_status":"closed","template":"","meta":{"_glsr_average":0,"_glsr_ranking":0,"_glsr_reviews":0,"footnotes":""},"class_list":["post-31676","page","type-page","status-publish","hentry"],"yoast_head":"<!-- This site is optimized with the Yoast SEO Premium plugin v27.1 (Yoast SEO v27.1.1) - https:\/\/yoast.com\/product\/yoast-seo-premium-wordpress\/ -->\n<title>Sample Default Header - Hansen &amp; Harmon Injury Law % %<\/title>\n<meta name=\"robots\" content=\"index, follow, max-snippet:-1, max-image-preview:large, max-video-preview:-1\" \/>\n<link rel=\"canonical\" href=\"https:\/\/hansenharmon.com\/es\/ejemplo-de-encabezado-predeterminado\/\" \/>\n<meta property=\"og:locale\" content=\"es_MX\" \/>\n<meta property=\"og:type\" content=\"article\" \/>\n<meta property=\"og:title\" content=\"Sample Default Header\" \/>\n<meta property=\"og:description\" content=\"Lorem ipsum dolor sit amet, consectetur adipiscing elit, sed do eiusmod tempor incididunt ut labore et dolore magna aliqua. Ut enim ad minim veniam, quis nostrud exercitation ullamco laboris nisi ut aliquip ex ea commodo consequat. Duis aute irure dolor in reprehenderit in voluptate velit esse cillum dolore eu fugiat nulla pariatur. Excepteur sint occaecat [&hellip;]\" \/>\n<meta property=\"og:url\" content=\"https:\/\/hansenharmon.com\/es\/ejemplo-de-encabezado-predeterminado\/\" \/>\n<meta property=\"og:site_name\" content=\"Hansen &amp; Harmon Injury Law\" \/>\n<meta property=\"article:publisher\" content=\"https:\/\/www.facebook.com\/kevinrhansenlawlasvegas\/\" \/>\n<meta property=\"article:modified_time\" content=\"2026-03-19T01:41:27+00:00\" \/>\n<meta name=\"twitter:card\" content=\"summary_large_image\" \/>\n<meta name=\"twitter:site\" content=\"@kevinrhansenlaw\" \/>\n<meta name=\"twitter:label1\" content=\"Tiempo de lectura\" \/>\n\t<meta name=\"twitter:data1\" content=\"1 minuto\" \/>\n<meta name=\"geo.placename\" content=\"Las Vegas\" \/>\n<meta name=\"geo.position\" content=\"36.14203902558338;-115.24347263841622\" \/>\n<meta name=\"geo.region\" content=\"Estados Unidos (EEUU)\" \/>\n<!-- \/ Yoast SEO Premium plugin. -->","yoast_head_json":{"title":"Sample Default Header - Hansen &amp; Harmon Injury Law % %","robots":{"index":"index","follow":"follow","max-snippet":"max-snippet:-1","max-image-preview":"max-image-preview:large","max-video-preview":"max-video-preview:-1"},"canonical":"https:\/\/hansenharmon.com\/es\/ejemplo-de-encabezado-predeterminado\/","og_locale":"es_MX","og_type":"article","og_title":"Sample Default Header","og_description":"Lorem ipsum dolor sit amet, consectetur adipiscing elit, sed do eiusmod tempor incididunt ut labore et dolore magna aliqua. Ut enim ad minim veniam, quis nostrud exercitation ullamco laboris nisi ut aliquip ex ea commodo consequat. Duis aute irure dolor in reprehenderit in voluptate velit esse cillum dolore eu fugiat nulla pariatur. Excepteur sint occaecat [&hellip;]","og_url":"https:\/\/hansenharmon.com\/es\/ejemplo-de-encabezado-predeterminado\/","og_site_name":"Hansen &amp; Harmon Injury Law","article_publisher":"https:\/\/www.facebook.com\/kevinrhansenlawlasvegas\/","article_modified_time":"2026-03-19T01:41:27+00:00","twitter_card":"summary_large_image","twitter_site":"@kevinrhansenlaw","twitter_misc":{"Tiempo de lectura":"1 minuto"},"schema":{"@context":"https:\/\/schema.org","@graph":[{"@type":"WebPage","@id":"https:\/\/hansenharmon.com\/sample-default-header\/","url":"https:\/\/hansenharmon.com\/sample-default-header\/","name":"Sample Default Header - Hansen &amp; Harmon Injury Law % %","isPartOf":{"@id":"https:\/\/hansenharmon.com\/#website"},"datePublished":"2026-03-19T01:41:05+00:00","dateModified":"2026-03-19T01:41:27+00:00","breadcrumb":{"@id":"https:\/\/hansenharmon.com\/sample-default-header\/#breadcrumb"},"inLanguage":"es","potentialAction":[{"@type":"ReadAction","target":["https:\/\/hansenharmon.com\/sample-default-header\/"]}]},{"@type":"BreadcrumbList","@id":"https:\/\/hansenharmon.com\/sample-default-header\/#breadcrumb","itemListElement":[{"@type":"ListItem","position":1,"name":"Home","item":"https:\/\/hansenharmon.com\/"},{"@type":"ListItem","position":2,"name":"Sample Default Header"}]},{"@type":"WebSite","@id":"https:\/\/hansenharmon.com\/#website","url":"https:\/\/hansenharmon.com\/","name":"Bufete de abogados Hansen &amp; Harmon","description":"Abogados especializados en lesiones personales en Las Vegas: abogados litigantes con amplia experiencia que prestan servicios en Nevada.","publisher":{"@id":"https:\/\/hansenharmon.com\/#organization"},"alternateName":"Hansen & Harmon Injury Law","potentialAction":[{"@type":"SearchAction","target":{"@type":"EntryPoint","urlTemplate":"https:\/\/hansenharmon.com\/?s={search_term_string}"},"query-input":{"@type":"PropertyValueSpecification","valueRequired":true,"valueName":"search_term_string"}}],"inLanguage":"es"},{"@type":["Organization","Place"],"@id":"https:\/\/hansenharmon.com\/#organization","name":"Bufete de abogados Hansen &amp; Harmon","alternateName":"Hansen & Harmon Injury Law","url":"https:\/\/hansenharmon.com\/","logo":{"@id":"https:\/\/hansenharmon.com\/sample-default-header\/#local-main-organization-logo"},"image":{"@id":"https:\/\/hansenharmon.com\/sample-default-header\/#local-main-organization-logo"},"sameAs":["https:\/\/www.facebook.com\/kevinrhansenlawlasvegas\/","https:\/\/x.com\/kevinrhansenlaw"],"description":"Fundado en 1998, el bufete de abogados Hansen &amp; Harmon, anteriormente conocido como The Law Office of Kevin R. Hansen, es un bufete de abogados de confianza especializado en lesiones personales en Las Vegas que lleva m\u00e1s de 30 a\u00f1os prestando sus servicios a clientes de todo el condado de Clark y el sur de Nevada. El abogado litigante principal Kevin R. Hansen y la abogada especializada en lesiones personales Amanda A. Harmon ofrecen una representaci\u00f3n agresiva y orientada a los resultados a las v\u00edctimas de accidentes automovil\u00edsticos, accidentes de motocicleta, lesiones en hoteles y casinos, responsabilidad civil por las instalaciones y muerte por negligencia. Con tres d\u00e9cadas de experiencia en los tribunales y en negociaciones, nuestro bufete se dedica a garantizar la m\u00e1xima indemnizaci\u00f3n que nuestros clientes merecen. El bufete Hansen &amp; Harmon ofrece consultas gratuitas y una garant\u00eda de \u00absi no gana, no paga\u00bb, lo que asegura que cada cliente trabaje directamente con un abogado de principio a fin.","legalName":"Hansen & Harmon Law Firm","foundingDate":"1998-07-01","address":{"@id":"https:\/\/hansenharmon.com\/sample-default-header\/#local-main-place-address"},"geo":{"@type":"GeoCoordinates","latitude":"36.14203902558338","longitude":"-115.24347263841622"},"telephone":["7024787777"],"contactPoint":{"@type":"ContactPoint","telephone":"7024787777","email":"Injured@hansenharmon.com"},"openingHoursSpecification":[{"@type":"OpeningHoursSpecification","dayOfWeek":["Monday","Tuesday","Wednesday","Thursday","Friday"],"opens":"08:00","closes":"17:00"},{"@type":"OpeningHoursSpecification","dayOfWeek":["Saturday","Sunday"],"opens":"00:00","closes":"00:00"}],"email":"Injured@hansenharmon.com","faxNumber":"Lawyer & Legal Services, Lawyers,","areaServed":"Las Vegas, NV, Henderson, NV, North Las Vegas, NV, Paradise, NV, Spring Valley, NV, Sunrise Manor, NV, Enterprise, NV, Whitney, NV, Summerlin, NV, Southern Nevada, Clark County, NV"},{"@type":"PostalAddress","@id":"https:\/\/hansenharmon.com\/sample-default-header\/#local-main-place-address","streetAddress":"2625 S Rainbow Blvd C 106","addressLocality":"Las Vegas","postalCode":"89146","addressRegion":"Nevada","addressCountry":"US"},{"@type":"ImageObject","inLanguage":"es","@id":"https:\/\/hansenharmon.com\/sample-default-header\/#local-main-organization-logo","url":"https:\/\/hansenharmon.com\/wp-content\/uploads\/2025\/10\/HH_Hero_Logo_Black.jpg","contentUrl":"https:\/\/hansenharmon.com\/wp-content\/uploads\/2025\/10\/HH_Hero_Logo_Black.jpg","width":1080,"height":501,"caption":"Hansen & Harmon Law Firm"}]},"geo.placename":"Las Vegas","geo.position":{"lat":"36.14203902558338","long":"-115.24347263841622"},"geo.region":"Estados Unidos (EEUU)"},"_links":{"self":[{"href":"https:\/\/hansenharmon.com\/es\/wp-json\/wp\/v2\/pages\/31676","targetHints":{"allow":["GET"]}}],"collection":[{"href":"https:\/\/hansenharmon.com\/es\/wp-json\/wp\/v2\/pages"}],"about":[{"href":"https:\/\/hansenharmon.com\/es\/wp-json\/wp\/v2\/types\/page"}],"author":[{"embeddable":true,"href":"https:\/\/hansenharmon.com\/es\/wp-json\/wp\/v2\/users\/7"}],"replies":[{"embeddable":true,"href":"https:\/\/hansenharmon.com\/es\/wp-json\/wp\/v2\/comments?post=31676"}],"version-history":[{"count":4,"href":"https:\/\/hansenharmon.com\/es\/wp-json\/wp\/v2\/pages\/31676\/revisions"}],"predecessor-version":[{"id":31680,"href":"https:\/\/hansenharmon.com\/es\/wp-json\/wp\/v2\/pages\/31676\/revisions\/31680"}],"wp:attachment":[{"href":"https:\/\/hansenharmon.com\/es\/wp-json\/wp\/v2\/media?parent=31676"}],"curies":[{"name":"wp","href":"https:\/\/api.w.org\/{rel}","templated":true}]}}